{"id":2,"date":"2025-05-29T08:03:18","date_gmt":"2025-05-29T08:03:18","guid":{"rendered":"https:\/\/batdongsanlinhdam.vn\/?page_id=2"},"modified":"2025-05-29T14:02:42","modified_gmt":"2025-05-29T14:02:42","slug":"sample-page","status":"publish","type":"page","link":"https:\/\/batdongsanlinhdam.vn\/?page_id=2","title":{"rendered":"Gi\u1edbi thi\u1ec7u"},"content":{"rendered":"\n<div class=\"wp-block-group\"><div class=\"wp-block-group__inner-container is-layout-constrained wp-block-group-is-layout-constrained\">\n<div class=\"wp-block-columns is-layout-flex wp-container-core-columns-is-layout-9d6595d7 wp-block-columns-is-layout-flex\">\n<div class=\"wp-block-column is-layout-flow wp-block-column-is-layout-flow\" style=\"flex-basis:100%\">\n<div class=\"wp-block-group is-nowrap is-layout-flex wp-container-core-group-is-layout-ad2f72ca wp-block-group-is-layout-flex\">\n<blockquote class=\"wp-block-quote is-style-plain is-layout-flow wp-block-quote-is-layout-flow\">\n<p class=\"has-text-align-left\"><em><strong>C\u00f4ng Ty TNHH \u0110\u1ea7u T\u01b0 B\u1ea5t \u0110\u1ed9ng S\u1ea3n Linh \u0110\u00e0m l\u00e0 \u0111\u01a1n v\u1ecb ti\u00ean phong trong l\u0129nh v\u1ef1c b\u1ea5t \u0111\u1ed9ng s\u1ea3n t\u1ea1i H\u00e0 N\u1ed9i. V\u1edbi h\u01a1n 10 n\u0103m kinh nghi\u1ec7m, ch\u00fang t\u00f4i chuy\u00ean cung c\u1ea5p c\u00e1c gi\u1ea3i ph\u00e1p \u0111\u1ea7u t\u01b0, mua b\u00e1n v\u00e0 qu\u1ea3n l\u00fd b\u1ea5t \u0111\u1ed9ng s\u1ea3n v\u1edbi ch\u1ea5t l\u01b0\u1ee3ng h\u00e0ng \u0111\u1ea7u.  T\u1ea7m nh\u00ecn c\u1ee7a ch\u00fang t\u00f4i l\u00e0 tr\u1edf th\u00e0nh c\u00f4ng ty b\u1ea5t \u0111\u1ed9ng s\u1ea3n h\u00e0ng \u0111\u1ea7u Vi\u1ec7t Nam, mang \u0111\u1ebfn gi\u00e1 tr\u1ecb b\u1ec1n v\u1eefng v\u00e0 d\u1ecbch v\u1ee5 t\u1eadn t\u00e2m. \u0110\u1ed9i ng\u0169 chuy\u00ean gia gi\u00e0u kinh nghi\u1ec7m cam k\u1ebft \u0111\u1ed3ng h\u00e0nh c\u00f9ng kh\u00e1ch h\u00e0ng, gi\u00fap hi\u1ec7n th\u1ef1c h\u00f3a gi\u1ea5c m\u01a1 s\u1edf h\u1eefu b\u1ea5t \u0111\u1ed9ng s\u1ea3n ho\u00e0n h\u1ea3o.<\/strong><\/em><\/p>\n<\/blockquote>\n\n\n\n<figure class=\"wp-block-image size-large is-resized\"><img fetchpriority=\"high\" decoding=\"async\" width=\"1024\" height=\"576\" src=\"https:\/\/batdongsanlinhdam.vn\/wp-content\/uploads\/2025\/05\/Kien-truc-Dem-1024x576.jpg\" alt=\"\" class=\"wp-image-79\" style=\"width:732px;height:auto\" srcset=\"https:\/\/batdongsanlinhdam.vn\/wp-content\/uploads\/2025\/05\/Kien-truc-Dem-1024x576.jpg 1024w, https:\/\/batdongsanlinhdam.vn\/wp-content\/uploads\/2025\/05\/Kien-truc-Dem-300x169.jpg 300w, https:\/\/batdongsanlinhdam.vn\/wp-content\/uploads\/2025\/05\/Kien-truc-Dem-768x432.jpg 768w, https:\/\/batdongsanlinhdam.vn\/wp-content\/uploads\/2025\/05\/Kien-truc-Dem-1536x864.jpg 1536w, https:\/\/batdongsanlinhdam.vn\/wp-content\/uploads\/2025\/05\/Kien-truc-Dem.jpg 2000w\" sizes=\"(max-width: 1024px) 100vw, 1024px\" \/><\/figure>\n<\/div>\n<\/div>\n<\/div>\n<\/div><\/div>\n\n\n\n<p><\/p>\n","protected":false},"excerpt":{"rendered":"<p>C\u00f4ng Ty TNHH \u0110\u1ea7u T\u01b0 B\u1ea5t \u0110\u1ed9ng S\u1ea3n Linh \u0110\u00e0m l\u00e0 \u0111\u01a1n v\u1ecb ti\u00ean phong trong l\u0129nh v\u1ef1c b\u1ea5t \u0111\u1ed9ng s\u1ea3n t\u1ea1i H\u00e0 N\u1ed9i. V\u1edbi h\u01a1n 10 n\u0103m kinh nghi\u1ec7m, ch\u00fang t\u00f4i chuy\u00ean cung c\u1ea5p c\u00e1c gi\u1ea3i ph\u00e1p \u0111\u1ea7u t\u01b0, mua b\u00e1n v\u00e0 qu\u1ea3n l\u00fd b\u1ea5t \u0111\u1ed9ng s\u1ea3n v\u1edbi ch\u1ea5t l\u01b0\u1ee3ng h\u00e0ng \u0111\u1ea7u. T\u1ea7m nh\u00ecn [&hellip;]<\/p>\n","protected":false},"author":1,"featured_media":0,"parent":0,"menu_order":0,"comment_status":"closed","ping_status":"open","template":"","meta":{"footnotes":""},"class_list":["post-2","page","type-page","status-publish","hentry"],"_links":{"self":[{"href":"https:\/\/batdongsanlinhdam.vn\/index.php?rest_route=\/wp\/v2\/pages\/2","targetHints":{"allow":["GET"]}}],"collection":[{"href":"https:\/\/batdongsanlinhdam.vn\/index.php?rest_route=\/wp\/v2\/pages"}],"about":[{"href":"https:\/\/batdongsanlinhdam.vn\/index.php?rest_route=\/wp\/v2\/types\/page"}],"author":[{"embeddable":true,"href":"https:\/\/batdongsanlinhdam.vn\/index.php?rest_route=\/wp\/v2\/users\/1"}],"replies":[{"embeddable":true,"href":"https:\/\/batdongsanlinhdam.vn\/index.php?rest_route=%2Fwp%2Fv2%2Fcomments&post=2"}],"version-history":[{"count":2,"href":"https:\/\/batdongsanlinhdam.vn\/index.php?rest_route=\/wp\/v2\/pages\/2\/revisions"}],"predecessor-version":[{"id":80,"href":"https:\/\/batdongsanlinhdam.vn\/index.php?rest_route=\/wp\/v2\/pages\/2\/revisions\/80"}],"wp:attachment":[{"href":"https:\/\/batdongsanlinhdam.vn\/index.php?rest_route=%2Fwp%2Fv2%2Fmedia&parent=2"}],"curies":[{"name":"wp","href":"https:\/\/api.w.org\/{rel}","templated":true}]}}